
{"id":9,"date":"2016-06-09T15:10:34","date_gmt":"2016-06-09T13:10:34","guid":{"rendered":"http:\/\/www.kaprun.co.at\/?page_id=9"},"modified":"2016-06-16T19:20:38","modified_gmt":"2016-06-16T17:20:38","slug":"anreise","status":"publish","type":"page","link":"https:\/\/www.kaprun.co.at\/en\/anreise\/","title":{"rendered":"Journey"},"content":{"rendered":"<p><\/p>\n<h2>Make your way to us<\/h2>\n<h3>From Germany:<\/h3>\n<p>The best choice is the motorway from Munich to Salzburg, exit at Siegsdorf, bypass Saalfelden and Zell am See after about 9 km you will arrive in Kaprun.<\/p>\n<h3>From Switzerland:<\/h3>\n<p>The best choice is the motorway Inntalautobahn, exit at W\u00f6rgl direction Felber-Tauern, then the direction W\u00f6rgl &#8211; Kitzb\u00fchel &#8211; Saalfelden &#8211; Zell am See &#8211; Kaprun.<\/p>\n<h3>From Italy and Slovenia:<\/h3>\n<p>The best choice is the motorway A1 direction Salzburg, exit at Bischofshofen to Zell am See. After about 45 km you come to Kaprun.<\/p>\n<h3>From the Czech Republic:<\/h3>\n<p>The best choice is the motorway A1 from Vienna to Salzburg, exit at Bischofshofen to Zell am See Zell am See. After about 45 km you come to Kaprun.<\/p>\n<p><div id=\"wpgmza_map\" class=\"wpgmza_map\" data-settings='{\"id\":\"1\",\"map_title\":\"Anreise\",\"map_width\":\"100\",\"map_height\":\"600\",\"map_start_lat\":\"47.263886\",\"map_start_lng\":\"12.751210\",\"map_start_location\":\"47.26388600619497,12.751210268097815\",\"map_start_zoom\":\"15\",\"default_marker\":\"0\",\"type\":\"1\",\"alignment\":\"2\",\"directions_enabled\":\"1\",\"styling_enabled\":\"0\",\"styling_json\":\"\",\"active\":\"0\",\"kml\":\"\",\"bicycle\":\"0\",\"traffic\":\"0\",\"dbox\":\"1\",\"dbox_width\":\"250\",\"listmarkers\":\"0\",\"listmarkers_advanced\":\"0\",\"filterbycat\":\"0\",\"ugm_enabled\":\"0\",\"ugm_category_enabled\":\"0\",\"fusion\":\"\",\"map_width_type\":\"\\\\%\",\"map_height_type\":\"px\",\"mass_marker_support\":\"1\",\"ugm_access\":\"0\",\"order_markers_by\":\"1\",\"order_markers_choice\":\"2\",\"show_user_location\":\"0\",\"default_to\":\"\",\"other_settings\":{\"store_locator_enabled\":2,\"store_locator_distance\":2,\"store_locator_bounce\":1,\"store_locator_query_string\":\"ZIP \\\/ Address:\",\"wpgmza_store_locator_restrict\":\"\",\"map_max_zoom\":\"1\",\"transport_layer\":0,\"wpgmza_theme_data\":\"\"}}' data-map-id='1' Data-maps-engine='' data-shortcode-attributes='{\"id\":\"1\"}' style=\"display:block; overflow:auto; width:100%; height:600px; float:left;\"><\/div><\/p>","protected":false},"excerpt":{"rendered":"<p>Make your way to us From Germany: The best choice is the motorway from Munich to Salzburg, exit at Siegsdorf, bypass Saalfelden and Zell am See after about 9 km you will arrive in Kaprun. From Switzerland: The best choice is the motorway Inntalautobahn, exit at W\u00f6rgl direction Felber-Tauern, then the direction W\u00f6rgl &#8211; Kitzb\u00fchel &#8211; Saalfelden &#8211; Zell am See &#8211; Kaprun. From Italy and Slovenia: The best choice is the motorway A1 direction Salzburg, exit at Bischofshofen to&#8230;<\/p>\n<p class=\"read-more\"><a class=\"btn btn-default\" href=\"https:\/\/www.kaprun.co.at\/en\/anreise\/\"> Read More<span class=\"screen-reader-text\">  Read More<\/span><\/a><\/p>\n","protected":false},"author":1,"featured_media":0,"parent":0,"menu_order":0,"comment_status":"closed","ping_status":"closed","template":"","meta":[],"yoast_head":"<!-- This site is optimized with the Yoast SEO plugin v19.5.1 - https:\/\/yoast.com\/wordpress\/plugins\/seo\/ -->\n<title>Journey - Familyapartment<\/title>\n<meta name=\"robots\" content=\"index, follow, max-snippet:-1, max-image-preview:large, max-video-preview:-1\" \/>\n<link rel=\"canonical\" href=\"https:\/\/www.kaprun.co.at\/anreise\/\" \/>\n<meta property=\"og:locale\" content=\"en_US\" \/>\n<meta property=\"og:type\" content=\"article\" \/>\n<meta property=\"og:title\" content=\"Journey - Familyapartment\" \/>\n<meta property=\"og:description\" content=\"Make your way to us From Germany: The best choice is the motorway from Munich to Salzburg, exit at Siegsdorf, bypass Saalfelden and Zell am See after about 9 km you will arrive in Kaprun. From Switzerland: The best choice is the motorway Inntalautobahn, exit at W\u00f6rgl direction Felber-Tauern, then the direction W\u00f6rgl &#8211; Kitzb\u00fchel &#8211; Saalfelden &#8211; Zell am See &#8211; Kaprun. From Italy and Slovenia: The best choice is the motorway A1 direction Salzburg, exit at Bischofshofen to... Read More Read More\" \/>\n<meta property=\"og:url\" content=\"https:\/\/www.kaprun.co.at\/anreise\/\" \/>\n<meta property=\"og:site_name\" content=\"Familyapartment\" \/>\n<meta property=\"article:modified_time\" content=\"2016-06-16T17:20:38+00:00\" \/>\n<meta name=\"twitter:card\" content=\"summary\" \/>\n<meta name=\"twitter:label1\" content=\"Est. reading time\" \/>\n\t<meta name=\"twitter:data1\" content=\"1 minute\" \/>\n<script type=\"application\/ld+json\" class=\"yoast-schema-graph\">{\"@context\":\"https:\/\/schema.org\",\"@graph\":[{\"@type\":\"WebPage\",\"@id\":\"https:\/\/www.kaprun.co.at\/anreise\/\",\"url\":\"https:\/\/www.kaprun.co.at\/anreise\/\",\"name\":\"Journey - Familyapartment\",\"isPartOf\":{\"@id\":\"https:\/\/www.kaprun.co.at\/#website\"},\"datePublished\":\"2016-06-09T13:10:34+00:00\",\"dateModified\":\"2016-06-16T17:20:38+00:00\",\"breadcrumb\":{\"@id\":\"https:\/\/www.kaprun.co.at\/anreise\/#breadcrumb\"},\"inLanguage\":\"en-US\",\"potentialAction\":[{\"@type\":\"ReadAction\",\"target\":[\"https:\/\/www.kaprun.co.at\/anreise\/\"]}]},{\"@type\":\"BreadcrumbList\",\"@id\":\"https:\/\/www.kaprun.co.at\/anreise\/#breadcrumb\",\"itemListElement\":[{\"@type\":\"ListItem\",\"position\":1,\"name\":\"Startseite\",\"item\":\"https:\/\/www.kaprun.co.at\/\"},{\"@type\":\"ListItem\",\"position\":2,\"name\":\"Anreise\"}]},{\"@type\":\"WebSite\",\"@id\":\"https:\/\/www.kaprun.co.at\/#website\",\"url\":\"https:\/\/www.kaprun.co.at\/\",\"name\":\"Familyapartment\",\"description\":\"\",\"potentialAction\":[{\"@type\":\"SearchAction\",\"target\":{\"@type\":\"EntryPoint\",\"urlTemplate\":\"https:\/\/www.kaprun.co.at\/?s={search_term_string}\"},\"query-input\":\"required name=search_term_string\"}],\"inLanguage\":\"en-US\"}]}<\/script>\n<!-- \/ Yoast SEO plugin. -->","yoast_head_json":{"title":"Journey - Familyapartment","robots":{"index":"index","follow":"follow","max-snippet":"max-snippet:-1","max-image-preview":"max-image-preview:large","max-video-preview":"max-video-preview:-1"},"canonical":"https:\/\/www.kaprun.co.at\/anreise\/","og_locale":"en_US","og_type":"article","og_title":"Journey - Familyapartment","og_description":"Make your way to us From Germany: The best choice is the motorway from Munich to Salzburg, exit at Siegsdorf, bypass Saalfelden and Zell am See after about 9 km you will arrive in Kaprun. From Switzerland: The best choice is the motorway Inntalautobahn, exit at W\u00f6rgl direction Felber-Tauern, then the direction W\u00f6rgl &#8211; Kitzb\u00fchel &#8211; Saalfelden &#8211; Zell am See &#8211; Kaprun. From Italy and Slovenia: The best choice is the motorway A1 direction Salzburg, exit at Bischofshofen to... Read More Read More","og_url":"https:\/\/www.kaprun.co.at\/anreise\/","og_site_name":"Familyapartment","article_modified_time":"2016-06-16T17:20:38+00:00","twitter_card":"summary","twitter_misc":{"Est. reading time":"1 minute"},"schema":{"@context":"https:\/\/schema.org","@graph":[{"@type":"WebPage","@id":"https:\/\/www.kaprun.co.at\/anreise\/","url":"https:\/\/www.kaprun.co.at\/anreise\/","name":"Journey - Familyapartment","isPartOf":{"@id":"https:\/\/www.kaprun.co.at\/#website"},"datePublished":"2016-06-09T13:10:34+00:00","dateModified":"2016-06-16T17:20:38+00:00","breadcrumb":{"@id":"https:\/\/www.kaprun.co.at\/anreise\/#breadcrumb"},"inLanguage":"en-US","potentialAction":[{"@type":"ReadAction","target":["https:\/\/www.kaprun.co.at\/anreise\/"]}]},{"@type":"BreadcrumbList","@id":"https:\/\/www.kaprun.co.at\/anreise\/#breadcrumb","itemListElement":[{"@type":"ListItem","position":1,"name":"Startseite","item":"https:\/\/www.kaprun.co.at\/"},{"@type":"ListItem","position":2,"name":"Anreise"}]},{"@type":"WebSite","@id":"https:\/\/www.kaprun.co.at\/#website","url":"https:\/\/www.kaprun.co.at\/","name":"Familyapartment","description":"","potentialAction":[{"@type":"SearchAction","target":{"@type":"EntryPoint","urlTemplate":"https:\/\/www.kaprun.co.at\/?s={search_term_string}"},"query-input":"required name=search_term_string"}],"inLanguage":"en-US"}]}},"_links":{"self":[{"href":"https:\/\/www.kaprun.co.at\/en\/wp-json\/wp\/v2\/pages\/9"}],"collection":[{"href":"https:\/\/www.kaprun.co.at\/en\/wp-json\/wp\/v2\/pages"}],"about":[{"href":"https:\/\/www.kaprun.co.at\/en\/wp-json\/wp\/v2\/types\/page"}],"author":[{"embeddable":true,"href":"https:\/\/www.kaprun.co.at\/en\/wp-json\/wp\/v2\/users\/1"}],"replies":[{"embeddable":true,"href":"https:\/\/www.kaprun.co.at\/en\/wp-json\/wp\/v2\/comments?post=9"}],"version-history":[{"count":9,"href":"https:\/\/www.kaprun.co.at\/en\/wp-json\/wp\/v2\/pages\/9\/revisions"}],"predecessor-version":[{"id":203,"href":"https:\/\/www.kaprun.co.at\/en\/wp-json\/wp\/v2\/pages\/9\/revisions\/203"}],"wp:attachment":[{"href":"https:\/\/www.kaprun.co.at\/en\/wp-json\/wp\/v2\/media?parent=9"}],"curies":[{"name":"wp","href":"https:\/\/api.w.org\/{rel}","templated":true}]}}